{"id":364,"date":"2023-04-18T18:00:25","date_gmt":"2023-04-18T16:00:25","guid":{"rendered":"https:\/\/proprietairesmag.ch\/a-propos-de-nous\/"},"modified":"2024-12-03T08:45:10","modified_gmt":"2024-12-03T07:45:10","slug":"about-us","status":"publish","type":"page","link":"https:\/\/proprietairesmag.ch\/en\/about-us\/","title":{"rendered":"About us"},"content":{"rendered":"\n<figure class=\"wp-block-image size-page_header  \"><img loading=\"lazy\" decoding=\"async\" width=\"1648\" height=\"456\" src=\"https:\/\/proprietairesmag.ch\/wp-content\/uploads\/2023\/06\/feel-well-a-propos-de-nous-bandeau@2x-1648x456.jpg\" alt=\"Feel Well A Propos De Nous Bandeau\" class=\"wp-image-1409\" srcset=\"https:\/\/proprietairesmag.ch\/wp-content\/uploads\/2023\/06\/feel-well-a-propos-de-nous-bandeau@2x-1648x456.jpg 1648w, https:\/\/proprietairesmag.ch\/wp-content\/uploads\/2023\/06\/feel-well-a-propos-de-nous-bandeau@2x-300x83.jpg 300w, https:\/\/proprietairesmag.ch\/wp-content\/uploads\/2023\/06\/feel-well-a-propos-de-nous-bandeau@2x-1024x283.jpg 1024w, https:\/\/proprietairesmag.ch\/wp-content\/uploads\/2023\/06\/feel-well-a-propos-de-nous-bandeau@2x-768x213.jpg 768w, https:\/\/proprietairesmag.ch\/wp-content\/uploads\/2023\/06\/feel-well-a-propos-de-nous-bandeau@2x-1536x425.jpg 1536w, https:\/\/proprietairesmag.ch\/wp-content\/uploads\/2023\/06\/feel-well-a-propos-de-nous-bandeau@2x-2048x567.jpg 2048w\" sizes=\"(max-width: 1648px) 100vw, 1648px\" \/><\/figure>\n\n\n\n<h2 class=\"wp-block-heading  hf_animated fade_left default \">Welcome to Propri\u00e9taires-Mag, your magazine dedicated to the world of the home! <\/h2>\n\n\n\n<p class=\"\">We are a team of enthusiasts who want to give you useful information for your home. Our aim is to provide tips and advice for homeowners and tenants who want to keep up to date with the latest trends in interior design, energy efficiency and how to create the living space of their dreams.<\/p>\n\n\n\n<p class=\"\"><br>We cover a variety of home-related topics, from interior design and renovation to space planning and current design trends. We&#8217;re passionate about the art of living at home and strive to share with you the best tips and most practical advice for making your home a place of well-being.<\/p>\n\n\n\n<p class=\"\"><br>Our magazine is also a source of inspiration for those looking to improve their lifestyle and home environment. We share innovative ideas for living comfort, decorating, organising and managing your home so that every space is both functional and aesthetically pleasing.<\/p>\n\n\n\n<p class=\"\"><br>We always listen to our readers and their feedback, so don&#8217;t hesitate to contact us with any questions or suggestions you may have.<\/p>\n\n\n            <div class=\"wp-block-habefast-advanced-layout-group is-layout-constrained wp-block-habefast-advanced-layout-group-is-layout-constrained\">\r\n                <div class=\"wp-block-habefast-advanced-group-container is-style- is-layout-constrained\"  style='--_hfal-cg-d-lg:flex;--_hfal-cg-d-xl:flex;--_hfal-cg-d-md:flex;--_hfal-cg-d-sm:flex;'>\r\n                                        <div class=\"wp-block-habefast-advanced-group-inner is-layout-flow\">\r\n                        \n\n<div class=\"wp-block-adpartner-pro-ad-block  \">            <div>                                    <a href=\"https:\/\/proprietairesmag.ch\/en\/?adpartner-pro=link&link=aHR0cHM6Ly93d3cuc2Fsb25ib2lzLmNo&postID=6958\" rel=\"noreferrer noopener\" target=\"_blank\" id=\"link-69d426e9cc76d\">                                        <img src=\"https:\/\/proprietairesmag.ch\/wp-content\/uploads\/2025\/01\/salonbois-banner-proprietairemag-970x250px-fr-2024-2.jpg\" srcset=\"https:\/\/proprietairesmag.ch\/wp-content\/uploads\/2025\/01\/salonbois-banner-proprietairemag-970x250px-fr-2024-2.jpg 970w, https:\/\/proprietairesmag.ch\/wp-content\/uploads\/2025\/01\/salonbois-banner-proprietairemag-970x250px-fr-2024-2-300x77.jpg 300w, https:\/\/proprietairesmag.ch\/wp-content\/uploads\/2025\/01\/salonbois-banner-proprietairemag-970x250px-fr-2024-2-768x198.jpg 768w\" alt=\"Salonbois Banner Proprietairemag 970x250px Fr 2024 2\" sizes=\"(max-width: 970px) 100vw, 970px\"                    decoding=\"async\" loading=\"lazy\" \/>                                    <\/a>                                <\/div>            <\/div>\n\n                    <\/div>\r\n                <\/div>\r\n            <\/div>\r\n            ","protected":false},"excerpt":{"rendered":"<p>Welcome to Propri\u00e9taires-Mag, your magazine dedicated to the world of the home! We are a team of enthusiasts who want to give you useful information for your home. Our aim is to provide tips and advice for homeowners and tenants&hellip;<\/p>\n","protected":false},"author":1,"featured_media":0,"parent":0,"menu_order":0,"comment_status":"closed","ping_status":"closed","template":"","meta":{"_acf_changed":false,"_habefastfse_class":"","footnotes":""},"class_list":["post-364","page","type-page","status-publish","hentry"],"acf":[],"yoast_head":"<!-- This site is optimized with the Yoast SEO plugin v26.9 - https:\/\/yoast.com\/product\/yoast-seo-wordpress\/ -->\n<title>Propri\u00e9taires-Mag, your home deco magazine | Propri\u00e9taires-Mag<\/title>\n<meta name=\"description\" content=\"About us - Propri\u00e9taires-Mag is a magazine dedicated to the world of the home. Deco, renovating, building, find out all about our advice.\" \/>\n<meta name=\"robots\" content=\"index, follow, max-snippet:-1, max-image-preview:large, max-video-preview:-1\" \/>\n<link rel=\"canonical\" href=\"https:\/\/proprietairesmag.ch\/en\/about-us\/\" \/>\n<meta property=\"og:locale\" content=\"en_US\" \/>\n<meta property=\"og:type\" content=\"article\" \/>\n<meta property=\"og:title\" content=\"Propri\u00e9taires-Mag, your home deco magazine | Propri\u00e9taires-Mag\" \/>\n<meta property=\"og:description\" content=\"About us - Propri\u00e9taires-Mag is a magazine dedicated to the world of the home. Deco, renovating, building, find out all about our advice.\" \/>\n<meta property=\"og:url\" content=\"https:\/\/proprietairesmag.ch\/en\/about-us\/\" \/>\n<meta property=\"og:site_name\" content=\"Propri\u00e9taires Mag\" \/>\n<meta property=\"article:modified_time\" content=\"2024-12-03T07:45:10+00:00\" \/>\n<meta property=\"og:image\" content=\"https:\/\/proprietairesmag.ch\/wp-content\/uploads\/2023\/06\/feel-well-a-propos-de-nous-bandeau@2x-1648x456.jpg\" \/>\n<meta name=\"twitter:card\" content=\"summary_large_image\" \/>\n<meta name=\"twitter:label1\" content=\"Est. reading time\" \/>\n\t<meta name=\"twitter:data1\" content=\"2 minutes\" \/>\n<script type=\"application\/ld+json\" class=\"yoast-schema-graph\">{\"@context\":\"https:\/\/schema.org\",\"@graph\":[{\"@type\":\"WebPage\",\"@id\":\"https:\/\/proprietairesmag.ch\/en\/about-us\/\",\"url\":\"https:\/\/proprietairesmag.ch\/en\/about-us\/\",\"name\":\"Propri\u00e9taires-Mag, your home deco magazine | Propri\u00e9taires-Mag\",\"isPartOf\":{\"@id\":\"https:\/\/proprietairesmag.ch\/en\/#website\"},\"primaryImageOfPage\":{\"@id\":\"https:\/\/proprietairesmag.ch\/en\/about-us\/#primaryimage\"},\"image\":{\"@id\":\"https:\/\/proprietairesmag.ch\/en\/about-us\/#primaryimage\"},\"thumbnailUrl\":\"https:\/\/proprietairesmag.ch\/wp-content\/uploads\/2023\/06\/feel-well-a-propos-de-nous-bandeau@2x-1648x456.jpg\",\"datePublished\":\"2023-04-18T16:00:25+00:00\",\"dateModified\":\"2024-12-03T07:45:10+00:00\",\"description\":\"About us - Propri\u00e9taires-Mag is a magazine dedicated to the world of the home. Deco, renovating, building, find out all about our advice.\",\"breadcrumb\":{\"@id\":\"https:\/\/proprietairesmag.ch\/en\/about-us\/#breadcrumb\"},\"inLanguage\":\"en-US\",\"potentialAction\":[{\"@type\":\"ReadAction\",\"target\":[\"https:\/\/proprietairesmag.ch\/en\/about-us\/\"]}]},{\"@type\":\"ImageObject\",\"inLanguage\":\"en-US\",\"@id\":\"https:\/\/proprietairesmag.ch\/en\/about-us\/#primaryimage\",\"url\":\"https:\/\/proprietairesmag.ch\/wp-content\/uploads\/2023\/06\/feel-well-a-propos-de-nous-bandeau@2x-1648x456.jpg\",\"contentUrl\":\"https:\/\/proprietairesmag.ch\/wp-content\/uploads\/2023\/06\/feel-well-a-propos-de-nous-bandeau@2x-1648x456.jpg\"},{\"@type\":\"BreadcrumbList\",\"@id\":\"https:\/\/proprietairesmag.ch\/en\/about-us\/#breadcrumb\",\"itemListElement\":[{\"@type\":\"ListItem\",\"position\":1,\"name\":\"Accueil\",\"item\":\"https:\/\/proprietairesmag.ch\/en\/\"},{\"@type\":\"ListItem\",\"position\":2,\"name\":\"About us\"}]},{\"@type\":\"WebSite\",\"@id\":\"https:\/\/proprietairesmag.ch\/en\/#website\",\"url\":\"https:\/\/proprietairesmag.ch\/en\/\",\"name\":\"Propri\u00e9taires Mag\",\"description\":\"\",\"potentialAction\":[{\"@type\":\"SearchAction\",\"target\":{\"@type\":\"EntryPoint\",\"urlTemplate\":\"https:\/\/proprietairesmag.ch\/en\/?s={search_term_string}\"},\"query-input\":{\"@type\":\"PropertyValueSpecification\",\"valueRequired\":true,\"valueName\":\"search_term_string\"}}],\"inLanguage\":\"en-US\"}]}<\/script>\n<!-- \/ Yoast SEO plugin. -->","yoast_head_json":{"title":"Propri\u00e9taires-Mag, your home deco magazine | Propri\u00e9taires-Mag","description":"About us - Propri\u00e9taires-Mag is a magazine dedicated to the world of the home. Deco, renovating, building, find out all about our advice.","robots":{"index":"index","follow":"follow","max-snippet":"max-snippet:-1","max-image-preview":"max-image-preview:large","max-video-preview":"max-video-preview:-1"},"canonical":"https:\/\/proprietairesmag.ch\/en\/about-us\/","og_locale":"en_US","og_type":"article","og_title":"Propri\u00e9taires-Mag, your home deco magazine | Propri\u00e9taires-Mag","og_description":"About us - Propri\u00e9taires-Mag is a magazine dedicated to the world of the home. Deco, renovating, building, find out all about our advice.","og_url":"https:\/\/proprietairesmag.ch\/en\/about-us\/","og_site_name":"Propri\u00e9taires Mag","article_modified_time":"2024-12-03T07:45:10+00:00","og_image":[{"url":"https:\/\/proprietairesmag.ch\/wp-content\/uploads\/2023\/06\/feel-well-a-propos-de-nous-bandeau@2x-1648x456.jpg","type":"","width":"","height":""}],"twitter_card":"summary_large_image","twitter_misc":{"Est. reading time":"2 minutes"},"schema":{"@context":"https:\/\/schema.org","@graph":[{"@type":"WebPage","@id":"https:\/\/proprietairesmag.ch\/en\/about-us\/","url":"https:\/\/proprietairesmag.ch\/en\/about-us\/","name":"Propri\u00e9taires-Mag, your home deco magazine | Propri\u00e9taires-Mag","isPartOf":{"@id":"https:\/\/proprietairesmag.ch\/en\/#website"},"primaryImageOfPage":{"@id":"https:\/\/proprietairesmag.ch\/en\/about-us\/#primaryimage"},"image":{"@id":"https:\/\/proprietairesmag.ch\/en\/about-us\/#primaryimage"},"thumbnailUrl":"https:\/\/proprietairesmag.ch\/wp-content\/uploads\/2023\/06\/feel-well-a-propos-de-nous-bandeau@2x-1648x456.jpg","datePublished":"2023-04-18T16:00:25+00:00","dateModified":"2024-12-03T07:45:10+00:00","description":"About us - Propri\u00e9taires-Mag is a magazine dedicated to the world of the home. Deco, renovating, building, find out all about our advice.","breadcrumb":{"@id":"https:\/\/proprietairesmag.ch\/en\/about-us\/#breadcrumb"},"inLanguage":"en-US","potentialAction":[{"@type":"ReadAction","target":["https:\/\/proprietairesmag.ch\/en\/about-us\/"]}]},{"@type":"ImageObject","inLanguage":"en-US","@id":"https:\/\/proprietairesmag.ch\/en\/about-us\/#primaryimage","url":"https:\/\/proprietairesmag.ch\/wp-content\/uploads\/2023\/06\/feel-well-a-propos-de-nous-bandeau@2x-1648x456.jpg","contentUrl":"https:\/\/proprietairesmag.ch\/wp-content\/uploads\/2023\/06\/feel-well-a-propos-de-nous-bandeau@2x-1648x456.jpg"},{"@type":"BreadcrumbList","@id":"https:\/\/proprietairesmag.ch\/en\/about-us\/#breadcrumb","itemListElement":[{"@type":"ListItem","position":1,"name":"Accueil","item":"https:\/\/proprietairesmag.ch\/en\/"},{"@type":"ListItem","position":2,"name":"About us"}]},{"@type":"WebSite","@id":"https:\/\/proprietairesmag.ch\/en\/#website","url":"https:\/\/proprietairesmag.ch\/en\/","name":"Propri\u00e9taires Mag","description":"","potentialAction":[{"@type":"SearchAction","target":{"@type":"EntryPoint","urlTemplate":"https:\/\/proprietairesmag.ch\/en\/?s={search_term_string}"},"query-input":{"@type":"PropertyValueSpecification","valueRequired":true,"valueName":"search_term_string"}}],"inLanguage":"en-US"}]}},"_links":{"self":[{"href":"https:\/\/proprietairesmag.ch\/en\/wp-json\/wp\/v2\/pages\/364","targetHints":{"allow":["GET"]}}],"collection":[{"href":"https:\/\/proprietairesmag.ch\/en\/wp-json\/wp\/v2\/pages"}],"about":[{"href":"https:\/\/proprietairesmag.ch\/en\/wp-json\/wp\/v2\/types\/page"}],"author":[{"embeddable":true,"href":"https:\/\/proprietairesmag.ch\/en\/wp-json\/wp\/v2\/users\/1"}],"replies":[{"embeddable":true,"href":"https:\/\/proprietairesmag.ch\/en\/wp-json\/wp\/v2\/comments?post=364"}],"version-history":[{"count":4,"href":"https:\/\/proprietairesmag.ch\/en\/wp-json\/wp\/v2\/pages\/364\/revisions"}],"predecessor-version":[{"id":4084,"href":"https:\/\/proprietairesmag.ch\/en\/wp-json\/wp\/v2\/pages\/364\/revisions\/4084"}],"wp:attachment":[{"href":"https:\/\/proprietairesmag.ch\/en\/wp-json\/wp\/v2\/media?parent=364"}],"curies":[{"name":"wp","href":"https:\/\/api.w.org\/{rel}","templated":true}]}}